{"id":64,"date":"2025-09-21T20:03:20","date_gmt":"2025-09-21T17:03:20","guid":{"rendered":"https:\/\/tawastalpine.net\/?page_id=64"},"modified":"2025-09-21T20:06:15","modified_gmt":"2025-09-21T17:06:15","slug":"yhteistyossa","status":"publish","type":"page","link":"https:\/\/tawastalpine.net\/?page_id=64","title":{"rendered":"Yhteisty\u00f6ss\u00e4"},"content":{"rendered":"<p>Tawan kanssa yhteisty\u00f6ss\u00e4 kaudella 2025-2026:<\/p>\n<ul>\n<li><a href=\"https:\/\/joutsen.fi\/\" target=\"_blank\" rel=\"noopener\">Joutsen<\/a><\/li>\n<li><a href=\"https:\/\/sahkovahatalo.fi\/\" target=\"_blank\" rel=\"noopener\">JP V\u00e4h\u00e4talo s\u00e4hk\u00f6palvelut<\/a><\/li>\n<li><a href=\"https:\/\/www.alsera.fi\/\" target=\"_blank\" rel=\"noopener\">Alsera Oy<\/a><\/li>\n<li><a href=\"https:\/\/suodatinpojat.fi\/\" target=\"_blank\" rel=\"noopener\">Suodatinpojat<\/a><\/li>\n<li><a href=\"https:\/\/kalpalinna.fi\/\" target=\"_blank\" rel=\"noopener\">Kalpalinna<\/a><\/li>\n<li><a href=\"https:\/\/www.sappee.fi\/\" target=\"_blank\" rel=\"noopener\">Sappee<\/a><\/li>\n<\/ul>\n<p>&nbsp;<\/p>\n","protected":false},"excerpt":{"rendered":"<p>Tawan kanssa yhteisty\u00f6ss\u00e4 kaudella 2025-2026: Joutsen JP V\u00e4h\u00e4talo s\u00e4hk\u00f6palvelut Alsera  [&#8230;]<\/p>\n","protected":false},"author":1,"featured_media":0,"parent":351,"menu_order":15,"comment_status":"closed","ping_status":"closed","template":"","meta":{"footnotes":""},"class_list":["post-64","page","type-page","status-publish","hentry"],"_links":{"self":[{"href":"https:\/\/tawastalpine.net\/index.php?rest_route=\/wp\/v2\/pages\/64","targetHints":{"allow":["GET"]}}],"collection":[{"href":"https:\/\/tawastalpine.net\/index.php?rest_route=\/wp\/v2\/pages"}],"about":[{"href":"https:\/\/tawastalpine.net\/index.php?rest_route=\/wp\/v2\/types\/page"}],"author":[{"embeddable":true,"href":"https:\/\/tawastalpine.net\/index.php?rest_route=\/wp\/v2\/users\/1"}],"replies":[{"embeddable":true,"href":"https:\/\/tawastalpine.net\/index.php?rest_route=%2Fwp%2Fv2%2Fcomments&post=64"}],"version-history":[{"count":4,"href":"https:\/\/tawastalpine.net\/index.php?rest_route=\/wp\/v2\/pages\/64\/revisions"}],"predecessor-version":[{"id":1085,"href":"https:\/\/tawastalpine.net\/index.php?rest_route=\/wp\/v2\/pages\/64\/revisions\/1085"}],"up":[{"embeddable":true,"href":"https:\/\/tawastalpine.net\/index.php?rest_route=\/wp\/v2\/pages\/351"}],"wp:attachment":[{"href":"https:\/\/tawastalpine.net\/index.php?rest_route=%2Fwp%2Fv2%2Fmedia&parent=64"}],"curies":[{"name":"wp","href":"https:\/\/api.w.org\/{rel}","templated":true}]}}