{"id":62,"date":"2013-12-15T00:42:13","date_gmt":"2013-12-14T22:42:13","guid":{"rendered":"https:\/\/tawastalpine.net\/?page_id=62"},"modified":"2019-01-30T21:45:10","modified_gmt":"2019-01-30T18:45:10","slug":"valmennusryhmat","status":"publish","type":"page","link":"https:\/\/tawastalpine.net\/?page_id=62","title":{"rendered":"Valmennusryhm\u00e4t"},"content":{"rendered":"<p>Ryhm\u00e4jakoja tehd\u00e4\u00e4n tarpeen mukaan ja ne ilmoitetaan valmennuksen l\u00e4hett\u00e4m\u00e4ss\u00e4 s\u00e4hk\u00f6postissa.<\/p>\n","protected":false},"excerpt":{"rendered":"<p>Ryhm\u00e4jakoja tehd\u00e4\u00e4n tarpeen mukaan ja ne ilmoitetaan valmennuksen l\u00e4hett\u00e4m\u00e4ss\u00e4 s\u00e4hk\u00f6postissa.<\/p>\n","protected":false},"author":1,"featured_media":0,"parent":38,"menu_order":1,"comment_status":"closed","ping_status":"closed","template":"","meta":{"footnotes":""},"class_list":["post-62","page","type-page","status-publish","hentry"],"_links":{"self":[{"href":"https:\/\/tawastalpine.net\/index.php?rest_route=\/wp\/v2\/pages\/62","targetHints":{"allow":["GET"]}}],"collection":[{"href":"https:\/\/tawastalpine.net\/index.php?rest_route=\/wp\/v2\/pages"}],"about":[{"href":"https:\/\/tawastalpine.net\/index.php?rest_route=\/wp\/v2\/types\/page"}],"author":[{"embeddable":true,"href":"https:\/\/tawastalpine.net\/index.php?rest_route=\/wp\/v2\/users\/1"}],"replies":[{"embeddable":true,"href":"https:\/\/tawastalpine.net\/index.php?rest_route=%2Fwp%2Fv2%2Fcomments&post=62"}],"version-history":[{"count":17,"href":"https:\/\/tawastalpine.net\/index.php?rest_route=\/wp\/v2\/pages\/62\/revisions"}],"predecessor-version":[{"id":615,"href":"https:\/\/tawastalpine.net\/index.php?rest_route=\/wp\/v2\/pages\/62\/revisions\/615"}],"up":[{"embeddable":true,"href":"https:\/\/tawastalpine.net\/index.php?rest_route=\/wp\/v2\/pages\/38"}],"wp:attachment":[{"href":"https:\/\/tawastalpine.net\/index.php?rest_route=%2Fwp%2Fv2%2Fmedia&parent=62"}],"curies":[{"name":"wp","href":"https:\/\/api.w.org\/{rel}","templated":true}]}}