{"id":40,"date":"2013-12-13T02:36:20","date_gmt":"2013-12-13T00:36:20","guid":{"rendered":"https:\/\/tawastalpine.net\/?page_id=40"},"modified":"2026-01-07T10:18:49","modified_gmt":"2026-01-07T08:18:49","slug":"alppihiihtokoulu","status":"publish","type":"page","link":"https:\/\/tawastalpine.net\/?page_id=40","title":{"rendered":"Laskettelukoulut 2026"},"content":{"rendered":"<p style=\"text-align: center;\"><span style=\"color: #000000;\"><strong>LASTEN LASKETTELUKOULU 2026 KALPALINNASSA<\/strong><\/span><\/p>\r\n<p>TI 13.1. 18.00 &#8211; 20.00<br \/>KE 14.1. 18.00 &#8211; 20.00<br \/>TI 20.1. 18.00 &#8211; 20.00<br \/>KE 21.1. 18.00 &#8211; 20.00<\/p>\r\n<p>Laskettelukoulun opetuksessa k\u00e4yd\u00e4\u00e4n l\u00e4pi mm. hyv\u00e4 laskuasento, erilaiset k\u00e4\u00e4nn\u00f6stavat, turvallinen liikkuminen rinteess\u00e4 ja vauhdin hallinta eri tilanteissa.<\/p>\r\n<p>Osallistumismaksu 140 \u20ac sis\u00e4lt\u00e4\u00e4 hiihdonopetuksen ja hissiliput (100 \u20ac jos laskijalla on Kalpalinnan kausikortti). Vuokrav\u00e4lineet (sukset, monot, kyp\u00e4r\u00e4) koulun ajalle 40 \u20ac Kalpalinnan vuokraamosta.<\/p>\r\n<p>Laskettelukoulu on suunnattu 2020 tai sit\u00e4 aiemmin syntyneille. Kouluun mahtuu max. 24 laskettelijaa. T\u00e4yt\u00e4mme paikat ilmoittautumisj\u00e4rjestyksess\u00e4. Osallistumismaksu ei sis\u00e4ll\u00e4 vakuutusta!<\/p>\r\n<p>Ilmoittautumiset viimeist\u00e4\u00e4n 11.1.2026 Suomisportin kautta <a href=\"https:\/\/www.suomisport.fi\/events\/4868b5c2-9544-49c9-904f-26f472cf0799\" target=\"_blank\" rel=\"noopener\">t\u00e4st\u00e4 linkist\u00e4<\/a>.\u00a0 \u00a0 \u00a0 \u00a0 \u00a0 \u00a0 \u00a0 \u00a0 \u00a0\u00a0<\/p>\r\n<p>Lis\u00e4tietoa 041 435 4766 \/ <a href=\"mailto:alppikoulu@tawastalpine.net\">alppikoulu@tawastalpine.net<\/a>\u00a0\/ Ville V\u00e4limaa<\/p>\r\n\r\n<p><a href=\"https:\/\/tawastalpine.net\/wp-content\/uploads\/2021\/11\/20210325_180230-e1636707237541.jpg\"><img decoding=\"async\" class=\"size-medium wp-image-704 alignleft\" src=\"https:\/\/tawastalpine.net\/wp-content\/uploads\/2021\/11\/20210325_180230-e1636707237541-146x300.jpg\" alt=\"\" width=\"146\" height=\"300\" srcset=\"https:\/\/tawastalpine.net\/wp-content\/uploads\/2021\/11\/20210325_180230-e1636707237541-146x300.jpg 146w, https:\/\/tawastalpine.net\/wp-content\/uploads\/2021\/11\/20210325_180230-e1636707237541-498x1024.jpg 498w, https:\/\/tawastalpine.net\/wp-content\/uploads\/2021\/11\/20210325_180230-e1636707237541-768x1580.jpg 768w\" sizes=\"(max-width: 146px) 100vw, 146px\" \/><\/a><\/p>\r\n","protected":false},"excerpt":{"rendered":"<p>LASTEN LASKETTELUKOULU 2026 KALPALINNASSA TI 13.1. 18.00 &#8211; 20.00KE 14.1.  [&#8230;]<\/p>\n","protected":false},"author":1,"featured_media":0,"parent":38,"menu_order":3,"comment_status":"closed","ping_status":"closed","template":"","meta":{"footnotes":""},"class_list":["post-40","page","type-page","status-publish","hentry"],"_links":{"self":[{"href":"https:\/\/tawastalpine.net\/index.php?rest_route=\/wp\/v2\/pages\/40","targetHints":{"allow":["GET"]}}],"collection":[{"href":"https:\/\/tawastalpine.net\/index.php?rest_route=\/wp\/v2\/pages"}],"about":[{"href":"https:\/\/tawastalpine.net\/index.php?rest_route=\/wp\/v2\/types\/page"}],"author":[{"embeddable":true,"href":"https:\/\/tawastalpine.net\/index.php?rest_route=\/wp\/v2\/users\/1"}],"replies":[{"embeddable":true,"href":"https:\/\/tawastalpine.net\/index.php?rest_route=%2Fwp%2Fv2%2Fcomments&post=40"}],"version-history":[{"count":50,"href":"https:\/\/tawastalpine.net\/index.php?rest_route=\/wp\/v2\/pages\/40\/revisions"}],"predecessor-version":[{"id":1186,"href":"https:\/\/tawastalpine.net\/index.php?rest_route=\/wp\/v2\/pages\/40\/revisions\/1186"}],"up":[{"embeddable":true,"href":"https:\/\/tawastalpine.net\/index.php?rest_route=\/wp\/v2\/pages\/38"}],"wp:attachment":[{"href":"https:\/\/tawastalpine.net\/index.php?rest_route=%2Fwp%2Fv2%2Fmedia&parent=40"}],"curies":[{"name":"wp","href":"https:\/\/api.w.org\/{rel}","templated":true}]}}