{"id":378,"date":"2015-01-25T20:22:25","date_gmt":"2015-01-25T17:22:25","guid":{"rendered":"https:\/\/tawastalpine.net\/?page_id=378"},"modified":"2025-09-21T22:40:04","modified_gmt":"2025-09-21T19:40:04","slug":"vanhemmille","status":"publish","type":"page","link":"https:\/\/tawastalpine.net\/?page_id=378","title":{"rendered":"Aloita harrastus"},"content":{"rendered":"<p><strong>Miten mukaan toimintaan?<\/strong><\/p>\n<p>J\u00e4rjest\u00e4mme matalan kynnyksen laskettelukoulua talvisin Kalpalinnan rinteill\u00e4. Laskettelukoulu on erinomainen tapa tulla mukaan hienoon harrastukseen. Katso laskettelukoulun ajankohta laskettelukoulun-sivulta <a href=\"https:\/\/tawastalpine.net\/?page_id=40\">t\u00e4st\u00e4 linkist\u00e4<\/a>.<\/p>\n<p>Alla kerrotaan nuoren laskijan vanhemmalle tarkemmin harrastuksesta ja seuran toiminnasta. Tutustu toimintaamme ja ota meihin yhteytt\u00e4.<\/p>\n<p><a href=\"https:\/\/tawastalpine.net\/wp-content\/uploads\/2025\/09\/tawa-kisoissa.jpg\"><img decoding=\"async\" class=\"alignnone wp-image-1092\" src=\"https:\/\/tawastalpine.net\/wp-content\/uploads\/2025\/09\/tawa-kisoissa.jpg\" alt=\"\" width=\"379\" height=\"342\" srcset=\"https:\/\/tawastalpine.net\/wp-content\/uploads\/2025\/09\/tawa-kisoissa-200x181.jpg 200w, https:\/\/tawastalpine.net\/wp-content\/uploads\/2025\/09\/tawa-kisoissa-300x271.jpg 300w, https:\/\/tawastalpine.net\/wp-content\/uploads\/2025\/09\/tawa-kisoissa.jpg 400w\" sizes=\"(max-width: 379px) 100vw, 379px\" \/><\/a><\/p>\n<h4>Vanhemmille<\/h4>\n<p><strong>Seuratoiminta<\/strong><\/p>\n<p>Vanhempien aktiivinen osallistuminen seuran toimintaan on eritt\u00e4in tervetullutta \u2013 Alppihiihdosta mahdollista saada hieno koko perheen ulkoiluharrastus. Laji tarjoaa el\u00e4myksi\u00e4 my\u00f6s katsomon puolella ja oheistoiminnassa &#8211; Jos suksilla liikkuminen ei ole juttusi, l\u00f6yd\u00e4t varmasti silti oman paikkasi ja tapasi, jolla voit olla lasten liikuntaa tukemassa ja osa yhteis\u00f6\u00e4, jossa huollettavasi harrastaa. Valmentajat ja muut vanhemmat osaavat aina neuvoa sopivan henkil\u00f6n luo, jos jokin uusi asia her\u00e4tt\u00e4\u00e4 kysymyksi\u00e4, oli se sitten v\u00e4lineiss\u00e4, lajissa itsess\u00e4\u00e4n tai seuran toiminnassa.<\/p>\n<p>Kaipaamme toki pienen\u00e4 seurana my\u00f6s apuk\u00e4si\u00e4 yhteis\u00f6llisyyden lis\u00e4ksi. Talkootoiminnalla, kuten kilpailuiden j\u00e4rjest\u00e4misell\u00e4, harrastuskustannukset saadaan pidetty\u00e4 varsin kohtuullisina. Vanhempien panoksella esim. kaluston huollossa ja varainhankinnassa annamme valmentajille enemm\u00e4n resursseja keskitty\u00e4 jakamaan sit\u00e4 tietoa ja taitoa, jota heilt\u00e4 l\u00f6ytyy. J\u00e4rjest\u00e4mme esim. harrastajien v\u00e4lineiden huoltoon koulutusta s\u00e4\u00e4nn\u00f6llisesti seuran puolesta eritt\u00e4in matalalla kynnyksell\u00e4 ja organisoimme erilaisia varainkeruuhankkeita, joihin on helppo osallistua juuri perheellenne sill\u00e4 hetkell\u00e4 sopivalla panoksella. Pelkk\u00e4\u00e4 talkootoimintaa seuratoiminta ei kuitenkaan ole, vaan yhdess\u00e4 vietet\u00e4\u00e4n mukavia hetki\u00e4 rinteess\u00e4 ja rinteen juurella el\u00e4en mukana lasten innossa ja onnistumisissa.<\/p>\n<p>&nbsp;<\/p>\n<p><strong>V\u00e4lineet<\/strong><\/p>\n<p>Alussa alppihiihtoon p\u00e4\u00e4see tutustumaan helpoimmin vuokraamalla v\u00e4lineet, mutta kipin\u00e4n syttyess\u00e4 omien v\u00e4lineiden hankinta kannattaa. Junioreiden varusteita l\u00f6ytyy suhteellisen edullisesti urheilukaupoistakin, mutta erilaisissa kamap\u00f6rsseiss\u00e4 (my\u00f6s seuran sis\u00e4ll\u00e4) varusteet liikkuvat tiuhaan ja varsin kohtuullisin hinnoin. Ennen v\u00e4lineiden hankkimista keskustelettehan valmentajien kanssa, jotta lapsen on mukava harrastaa ik\u00e4\u00e4n, kokoon ja taitotasoon suhteutuvilla v\u00e4lineill\u00e4.<\/p>\n<p>Suksien lis\u00e4ksi rinteess\u00e4 jokainen laskija k\u00e4ytt\u00e4\u00e4 kyp\u00e4r\u00e4\u00e4, selk\u00e4panssari on eritt\u00e4in suositeltava.<\/p>\n<p>Otattehan yhteytt\u00e4, jos haluatte tutustua toimintaamme tarkemmin: <a href=\"https:\/\/tawastalpine.net\/?page_id=26\">Katso seuran puheenjohtajan yhteystiedot<\/a><\/p>\n<p>&nbsp;<\/p>\n<p><a href=\"https:\/\/tawastalpine.net\/wp-content\/uploads\/2025\/09\/laskija-radalla.jpg\"><img decoding=\"async\" class=\"alignnone  wp-image-1100\" src=\"https:\/\/tawastalpine.net\/wp-content\/uploads\/2025\/09\/laskija-radalla.jpg\" alt=\"\" width=\"499\" height=\"376\" srcset=\"https:\/\/tawastalpine.net\/wp-content\/uploads\/2025\/09\/laskija-radalla-200x151.jpg 200w, https:\/\/tawastalpine.net\/wp-content\/uploads\/2025\/09\/laskija-radalla-300x226.jpg 300w, https:\/\/tawastalpine.net\/wp-content\/uploads\/2025\/09\/laskija-radalla-400x301.jpg 400w, https:\/\/tawastalpine.net\/wp-content\/uploads\/2025\/09\/laskija-radalla.jpg 600w\" sizes=\"(max-width: 499px) 100vw, 499px\" \/><\/a><\/p>\n","protected":false},"excerpt":{"rendered":"<p>Miten mukaan toimintaan? J\u00e4rjest\u00e4mme matalan kynnyksen laskettelukoulua talvisin Kalpalinnan rinteill\u00e4.  [&#8230;]<\/p>\n","protected":false},"author":2,"featured_media":0,"parent":0,"menu_order":0,"comment_status":"closed","ping_status":"closed","template":"","meta":{"footnotes":""},"class_list":["post-378","page","type-page","status-publish","hentry"],"_links":{"self":[{"href":"https:\/\/tawastalpine.net\/index.php?rest_route=\/wp\/v2\/pages\/378","targetHints":{"allow":["GET"]}}],"collection":[{"href":"https:\/\/tawastalpine.net\/index.php?rest_route=\/wp\/v2\/pages"}],"about":[{"href":"https:\/\/tawastalpine.net\/index.php?rest_route=\/wp\/v2\/types\/page"}],"author":[{"embeddable":true,"href":"https:\/\/tawastalpine.net\/index.php?rest_route=\/wp\/v2\/users\/2"}],"replies":[{"embeddable":true,"href":"https:\/\/tawastalpine.net\/index.php?rest_route=%2Fwp%2Fv2%2Fcomments&post=378"}],"version-history":[{"count":15,"href":"https:\/\/tawastalpine.net\/index.php?rest_route=\/wp\/v2\/pages\/378\/revisions"}],"predecessor-version":[{"id":1101,"href":"https:\/\/tawastalpine.net\/index.php?rest_route=\/wp\/v2\/pages\/378\/revisions\/1101"}],"wp:attachment":[{"href":"https:\/\/tawastalpine.net\/index.php?rest_route=%2Fwp%2Fv2%2Fmedia&parent=378"}],"curies":[{"name":"wp","href":"https:\/\/api.w.org\/{rel}","templated":true}]}}