{"id":288,"date":"2014-09-28T21:12:01","date_gmt":"2014-09-28T19:12:01","guid":{"rendered":"https:\/\/tawastalpine.net\/?page_id=288"},"modified":"2026-03-08T17:59:36","modified_gmt":"2026-03-08T15:59:36","slug":"etuusivu","status":"publish","type":"page","link":"https:\/\/tawastalpine.net\/","title":{"rendered":"Etusivu"},"content":{"rendered":"<p><div class=\"fusion-fullwidth fullwidth-box fusion-builder-row-1 fusion-flex-container has-pattern-background has-mask-background nonhundred-percent-fullwidth non-hundred-percent-height-scrolling\" style=\"--awb-border-radius-top-left:0px;--awb-border-radius-top-right:0px;--awb-border-radius-bottom-right:0px;--awb-border-radius-bottom-left:0px;--awb-padding-top:0px;--awb-padding-right:0px;--awb-padding-bottom:0px;--awb-padding-left:0px;--awb-flex-wrap:wrap;\" ><div class=\"fusion-builder-row fusion-row fusion-flex-align-items-flex-start fusion-flex-content-wrap\" style=\"max-width:1248px;margin-left: calc(-4% \/ 2 );margin-right: calc(-4% \/ 2 );\"><div class=\"fusion-layout-column fusion_builder_column fusion-builder-column-0 fusion_builder_column_1_1 1_1 fusion-flex-column\" style=\"--awb-bg-size:cover;--awb-width-large:100%;--awb-margin-top-large:0px;--awb-spacing-right-large:1.92%;--awb-margin-bottom-large:0px;--awb-spacing-left-large:1.92%;--awb-width-medium:100%;--awb-spacing-right-medium:1.92%;--awb-spacing-left-medium:1.92%;--awb-width-small:100%;--awb-spacing-right-small:1.92%;--awb-spacing-left-small:1.92%;\"><div class=\"fusion-column-wrapper fusion-flex-justify-content-flex-start fusion-content-layout-column\"><div class=\"fusion-text fusion-text-1\"><p><strong>Tawast Alpine Racing Team<\/strong>, eli kotoisammin <strong>TAWA<\/strong>, on vuonna 2013 perustettu alppihiihdon erikoisseura H\u00e4meenlinnasta. Seura harjoittelee aktiivisesti Janakkalan Kalpalinnassa ja P\u00e4lk\u00e4neen Sappeella. Treenileirien ja kilpailuiden merkeiss\u00e4 reissaamme lis\u00e4ksi ymp\u00e4ri Etel\u00e4-Suomen hiihtokeskuksia ja pohjoisen tuntureita.<\/p>\n<\/div><div class=\"fusion-image-element \" style=\"--awb-margin-bottom:20px;--awb-caption-title-font-family:var(--h2_typography-font-family);--awb-caption-title-font-weight:var(--h2_typography-font-weight);--awb-caption-title-font-style:var(--h2_typography-font-style);--awb-caption-title-size:var(--h2_typography-font-size);--awb-caption-title-transform:var(--h2_typography-text-transform);--awb-caption-title-line-height:var(--h2_typography-line-height);--awb-caption-title-letter-spacing:var(--h2_typography-letter-spacing);\"><span class=\" fusion-imageframe imageframe-none imageframe-1 hover-type-none\"><img decoding=\"async\" width=\"1000\" height=\"445\" title=\"Tawa Kalpalinnassa\" src=\"https:\/\/tawastalpine.net\/wp-content\/uploads\/2025\/09\/kalpalinna-ryhmakuva-edit2.jpg\" alt class=\"img-responsive wp-image-1043\" srcset=\"https:\/\/tawastalpine.net\/wp-content\/uploads\/2025\/09\/kalpalinna-ryhmakuva-edit2-200x89.jpg 200w, https:\/\/tawastalpine.net\/wp-content\/uploads\/2025\/09\/kalpalinna-ryhmakuva-edit2-400x178.jpg 400w, https:\/\/tawastalpine.net\/wp-content\/uploads\/2025\/09\/kalpalinna-ryhmakuva-edit2-600x267.jpg 600w, https:\/\/tawastalpine.net\/wp-content\/uploads\/2025\/09\/kalpalinna-ryhmakuva-edit2-800x356.jpg 800w, https:\/\/tawastalpine.net\/wp-content\/uploads\/2025\/09\/kalpalinna-ryhmakuva-edit2.jpg 1000w\" sizes=\"(max-width: 640px) 100vw, 1000px\" \/><\/span><\/div><div class=\"fusion-text fusion-text-2\"><p>Seuramme keskittyy luomaan lapsille ja nuorille mahdollisuuden harrastaa alppihiihtoa oman innostuksensa mukaan. Meill\u00e4 on kiivaasti harjoittelevia kisakiit\u00e4ji\u00e4 ja ulkoilmael\u00e4m\u00e4st\u00e4, laskettelusta ja kavereiden seurasta nauttivia rinnereippailijoita &#8211; kaikki meille yht\u00e4 arvokkaita harrastajia.<br \/>\nYhteisen\u00e4 tavoitteena ovat iloiset harrastushetket, yhdess\u00e4 tekemisen riemu ja terveiden el\u00e4m\u00e4ntapojen oppiminen.<\/p>\n<p>Talvisten rinnetreenien lis\u00e4ksi j\u00e4rjest\u00e4mme my\u00f6s monipuolista oheisharjoittelua pallopeleist\u00e4, kuntopiireist\u00e4 ja kuntosalista aina rullaluistinpujotteluun. Tarjolla on siis lumilajista huolimatta ymp\u00e4rivuotinen harrastus, jos niin halutaan!<\/p>\n<p>Haluatko hyp\u00e4t\u00e4 mukaan toimintaan tai kysy\u00e4 lis\u00e4\u00e4? Ota yhteytt\u00e4: puheenjohtaja(at)tawastalpine.net<\/p>\n<p>L\u00f6yd\u00e4t meid\u00e4t my\u00f6s <a href=\"https:\/\/www.facebook.com\/tawastalpine\/\" target=\"_blank\" rel=\"noopener\">Facebookista<\/a> ja <a href=\"https:\/\/www.instagram.com\/tawast_alpine_racing_team\/\" target=\"_blank\" rel=\"noopener\">Instagramista.<\/a><\/p>\n<\/div><\/div><\/div><\/div><\/div><div class=\"fusion-fullwidth fullwidth-box fusion-builder-row-2 fusion-flex-container has-pattern-background has-mask-background nonhundred-percent-fullwidth non-hundred-percent-height-scrolling\" style=\"--awb-border-radius-top-left:0px;--awb-border-radius-top-right:0px;--awb-border-radius-bottom-right:0px;--awb-border-radius-bottom-left:0px;--awb-flex-wrap:wrap;\" ><div class=\"fusion-builder-row fusion-row fusion-flex-align-items-flex-start fusion-flex-content-wrap\" style=\"max-width:1248px;margin-left: calc(-4% \/ 2 );margin-right: calc(-4% \/ 2 );\"><div class=\"fusion-layout-column fusion_builder_column fusion-builder-column-1 fusion_builder_column_1_1 1_1 fusion-flex-column\" style=\"--awb-bg-size:cover;--awb-width-large:100%;--awb-margin-top-large:20px;--awb-spacing-right-large:1.92%;--awb-margin-bottom-large:0px;--awb-spacing-left-large:1.92%;--awb-width-medium:100%;--awb-order-medium:0;--awb-spacing-right-medium:1.92%;--awb-spacing-left-medium:1.92%;--awb-width-small:100%;--awb-order-small:0;--awb-spacing-right-small:1.92%;--awb-spacing-left-small:1.92%;\" data-scroll-devices=\"small-visibility,medium-visibility,large-visibility\"><div class=\"fusion-column-wrapper fusion-column-has-shadow fusion-flex-justify-content-flex-start fusion-content-layout-column\"><div class=\"awb-gallery-wrapper awb-gallery-wrapper-1 fusion-no-small-visibility fusion-no-medium-visibility button-span-no\" style=\"--more-btn-alignment:center;\"><div style=\"margin:-5px;--awb-bordersize:0px;\" class=\"fusion-gallery fusion-gallery-container fusion-grid-3 fusion-columns-total-3 fusion-gallery-layout-grid fusion-gallery-1\"><div style=\"padding:5px;\" class=\"fusion-grid-column fusion-gallery-column fusion-gallery-column-3 hover-type-none\"><div class=\"fusion-gallery-image\"><img decoding=\"async\" src=\"https:\/\/tawastalpine.net\/wp-content\/uploads\/2025\/09\/ahvenisto-rullaluistelu-ver1.jpg\" width=\"600\" height=\"800\" alt=\"\" title=\"Rullaluistelemassa Ahvenistolla\" aria-label=\"Rullaluistelemassa Ahvenistolla\" class=\"img-responsive wp-image-1042\" srcset=\"https:\/\/tawastalpine.net\/wp-content\/uploads\/2025\/09\/ahvenisto-rullaluistelu-ver1-200x267.jpg 200w, https:\/\/tawastalpine.net\/wp-content\/uploads\/2025\/09\/ahvenisto-rullaluistelu-ver1-400x533.jpg 400w, https:\/\/tawastalpine.net\/wp-content\/uploads\/2025\/09\/ahvenisto-rullaluistelu-ver1.jpg 600w\" sizes=\"(min-width: 2200px) 100vw, (min-width: 784px) 397px, (min-width: 712px) 595px, (min-width: 640px) 712px, \" \/><\/div><\/div><div style=\"padding:5px;\" class=\"fusion-grid-column fusion-gallery-column fusion-gallery-column-3 hover-type-none\"><div class=\"fusion-gallery-image\"><img decoding=\"async\" src=\"https:\/\/tawastalpine.net\/wp-content\/uploads\/2025\/09\/sappee-katselmointi-ver1.jpg\" width=\"600\" height=\"800\" alt=\"\" title=\"Sappeessa radankatselmoinnissa\" aria-label=\"Sappeessa radankatselmoinnissa\" class=\"img-responsive wp-image-1040\" srcset=\"https:\/\/tawastalpine.net\/wp-content\/uploads\/2025\/09\/sappee-katselmointi-ver1-200x267.jpg 200w, https:\/\/tawastalpine.net\/wp-content\/uploads\/2025\/09\/sappee-katselmointi-ver1-400x533.jpg 400w, https:\/\/tawastalpine.net\/wp-content\/uploads\/2025\/09\/sappee-katselmointi-ver1.jpg 600w\" sizes=\"(min-width: 2200px) 100vw, (min-width: 784px) 397px, (min-width: 712px) 595px, (min-width: 640px) 712px, \" \/><\/div><\/div><div style=\"padding:5px;\" class=\"fusion-grid-column fusion-gallery-column fusion-gallery-column-3 hover-type-none\"><div class=\"fusion-gallery-image\"><img decoding=\"async\" src=\"https:\/\/tawastalpine.net\/wp-content\/uploads\/2025\/09\/pyha-ver1.jpg\" width=\"600\" height=\"800\" alt=\"\" title=\"Pyh\u00e4ll\u00e4 laskemassa\" aria-label=\"Pyh\u00e4ll\u00e4 laskemassa\" class=\"img-responsive wp-image-1041\" srcset=\"https:\/\/tawastalpine.net\/wp-content\/uploads\/2025\/09\/pyha-ver1-200x267.jpg 200w, https:\/\/tawastalpine.net\/wp-content\/uploads\/2025\/09\/pyha-ver1-400x533.jpg 400w, https:\/\/tawastalpine.net\/wp-content\/uploads\/2025\/09\/pyha-ver1.jpg 600w\" sizes=\"(min-width: 2200px) 100vw, (min-width: 784px) 397px, (min-width: 712px) 595px, (min-width: 640px) 712px, \" \/><\/div><\/div><div class=\"clearfix\"><\/div><\/div><\/div><div class=\"awb-gallery-wrapper awb-gallery-wrapper-2 fusion-no-large-visibility button-span-no\" style=\"--more-btn-alignment:center;\"><div style=\"margin:-5px;--awb-bordersize:0px;\" class=\"fusion-gallery fusion-gallery-container fusion-grid-3 fusion-columns-total-2 fusion-gallery-layout-grid fusion-gallery-2\"><div style=\"padding:5px;\" class=\"fusion-grid-column fusion-gallery-column fusion-gallery-column-3 hover-type-none\"><div class=\"fusion-gallery-image\"><img decoding=\"async\" src=\"https:\/\/tawastalpine.net\/wp-content\/uploads\/2025\/09\/ahvenisto-rullaluistelu-ver1.jpg\" width=\"600\" height=\"800\" alt=\"\" title=\"Rullaluistelemassa Ahvenistolla\" aria-label=\"Rullaluistelemassa Ahvenistolla\" class=\"img-responsive wp-image-1042\" srcset=\"https:\/\/tawastalpine.net\/wp-content\/uploads\/2025\/09\/ahvenisto-rullaluistelu-ver1-200x267.jpg 200w, https:\/\/tawastalpine.net\/wp-content\/uploads\/2025\/09\/ahvenisto-rullaluistelu-ver1-400x533.jpg 400w, https:\/\/tawastalpine.net\/wp-content\/uploads\/2025\/09\/ahvenisto-rullaluistelu-ver1.jpg 600w\" sizes=\"(min-width: 2200px) 100vw, (min-width: 784px) 397px, (min-width: 712px) 595px, (min-width: 640px) 712px, \" \/><\/div><\/div><div style=\"padding:5px;\" class=\"fusion-grid-column fusion-gallery-column fusion-gallery-column-3 hover-type-none\"><div class=\"fusion-gallery-image\"><img decoding=\"async\" src=\"https:\/\/tawastalpine.net\/wp-content\/uploads\/2025\/09\/pyha-ver1.jpg\" width=\"600\" height=\"800\" alt=\"\" title=\"Pyh\u00e4ll\u00e4 laskemassa\" aria-label=\"Pyh\u00e4ll\u00e4 laskemassa\" class=\"img-responsive wp-image-1041\" srcset=\"https:\/\/tawastalpine.net\/wp-content\/uploads\/2025\/09\/pyha-ver1-200x267.jpg 200w, https:\/\/tawastalpine.net\/wp-content\/uploads\/2025\/09\/pyha-ver1-400x533.jpg 400w, https:\/\/tawastalpine.net\/wp-content\/uploads\/2025\/09\/pyha-ver1.jpg 600w\" sizes=\"(min-width: 2200px) 100vw, (min-width: 784px) 397px, (min-width: 712px) 595px, (min-width: 640px) 712px, \" \/><\/div><\/div><\/div><\/div><\/div><\/div><\/div><\/div><\/p>\n","protected":false},"excerpt":{"rendered":"","protected":false},"author":2,"featured_media":941,"parent":0,"menu_order":0,"comment_status":"closed","ping_status":"closed","template":"","meta":{"footnotes":""},"class_list":["post-288","page","type-page","status-publish","has-post-thumbnail","hentry"],"_links":{"self":[{"href":"https:\/\/tawastalpine.net\/index.php?rest_route=\/wp\/v2\/pages\/288","targetHints":{"allow":["GET"]}}],"collection":[{"href":"https:\/\/tawastalpine.net\/index.php?rest_route=\/wp\/v2\/pages"}],"about":[{"href":"https:\/\/tawastalpine.net\/index.php?rest_route=\/wp\/v2\/types\/page"}],"author":[{"embeddable":true,"href":"https:\/\/tawastalpine.net\/index.php?rest_route=\/wp\/v2\/users\/2"}],"replies":[{"embeddable":true,"href":"https:\/\/tawastalpine.net\/index.php?rest_route=%2Fwp%2Fv2%2Fcomments&post=288"}],"version-history":[{"count":158,"href":"https:\/\/tawastalpine.net\/index.php?rest_route=\/wp\/v2\/pages\/288\/revisions"}],"predecessor-version":[{"id":1226,"href":"https:\/\/tawastalpine.net\/index.php?rest_route=\/wp\/v2\/pages\/288\/revisions\/1226"}],"wp:featuredmedia":[{"embeddable":true,"href":"https:\/\/tawastalpine.net\/index.php?rest_route=\/wp\/v2\/media\/941"}],"wp:attachment":[{"href":"https:\/\/tawastalpine.net\/index.php?rest_route=%2Fwp%2Fv2%2Fmedia&parent=288"}],"curies":[{"name":"wp","href":"https:\/\/api.w.org\/{rel}","templated":true}]}}