{"id":1192,"date":"2026-01-09T22:06:41","date_gmt":"2026-01-09T20:06:41","guid":{"rendered":"https:\/\/tawastalpine.net\/?page_id=1192"},"modified":"2026-02-02T09:51:16","modified_gmt":"2026-02-02T07:51:16","slug":"es-cup-22-23-3-2025-cloned","status":"publish","type":"page","link":"https:\/\/tawastalpine.net\/?page_id=1192","title":{"rendered":"FAM Open Masters, Kalpalinna, 31.1.2026"},"content":{"rendered":"<h4>FAM Open Masters, Kalpalinna, 31.1.2026<\/h4>\n<p><strong>Paikka:<\/strong> Kalpalinna, Hugonrinne<br \/>\n<strong>Sarjat: <\/strong><\/p>\n<ul>\n<li>Naiset 17-29, 30-55, yli 55 v.<\/li>\n<li>Miehet 17-29, 30-55, yli 55 v.<\/li>\n<\/ul>\n<p><strong>Laji: <\/strong>Pujottelu<br \/>\n<strong>Ilmoittautuminen: <\/strong>Paikan p\u00e4\u00e4ll\u00e4 Ravintola Kalpalinnassa klo 9:30 \u2013 10:00<\/p>\n<ul>\n<li><a href=\"https:\/\/tawastalpine.net\/wp-content\/uploads\/2026\/01\/Kilpailukutsu_Open-Masters_Kalpalinna_31012026.pdf\">Kilpailukutsu FAM Open Masters Kalpalinna TAWA<\/a><\/li>\n<li><a href=\"https:\/\/tawastalpine.net\/wp-content\/uploads\/2026\/02\/Viralliset-tulokset-FAM-Kalpis.pdf\">Viralliset lopputulokset FAM Open Master Kalpalinna TAWA<\/a><\/li>\n<\/ul>\n<p>&nbsp;<\/p>\n","protected":false},"excerpt":{"rendered":"<p>FAM Open Masters, Kalpalinna, 31.1.2026 Paikka: Kalpalinna, Hugonrinne Sarjat: Naiset  [&#8230;]<\/p>\n","protected":false},"author":5,"featured_media":0,"parent":1187,"menu_order":0,"comment_status":"closed","ping_status":"closed","template":"","meta":{"footnotes":""},"class_list":["post-1192","page","type-page","status-publish","hentry"],"_links":{"self":[{"href":"https:\/\/tawastalpine.net\/index.php?rest_route=\/wp\/v2\/pages\/1192","targetHints":{"allow":["GET"]}}],"collection":[{"href":"https:\/\/tawastalpine.net\/index.php?rest_route=\/wp\/v2\/pages"}],"about":[{"href":"https:\/\/tawastalpine.net\/index.php?rest_route=\/wp\/v2\/types\/page"}],"author":[{"embeddable":true,"href":"https:\/\/tawastalpine.net\/index.php?rest_route=\/wp\/v2\/users\/5"}],"replies":[{"embeddable":true,"href":"https:\/\/tawastalpine.net\/index.php?rest_route=%2Fwp%2Fv2%2Fcomments&post=1192"}],"version-history":[{"count":3,"href":"https:\/\/tawastalpine.net\/index.php?rest_route=\/wp\/v2\/pages\/1192\/revisions"}],"predecessor-version":[{"id":1207,"href":"https:\/\/tawastalpine.net\/index.php?rest_route=\/wp\/v2\/pages\/1192\/revisions\/1207"}],"up":[{"embeddable":true,"href":"https:\/\/tawastalpine.net\/index.php?rest_route=\/wp\/v2\/pages\/1187"}],"wp:attachment":[{"href":"https:\/\/tawastalpine.net\/index.php?rest_route=%2Fwp%2Fv2%2Fmedia&parent=1192"}],"curies":[{"name":"wp","href":"https:\/\/api.w.org\/{rel}","templated":true}]}}