{"id":100,"date":"2014-01-11T15:11:08","date_gmt":"2014-01-11T13:11:08","guid":{"rendered":"https:\/\/tawastalpine.net\/?page_id=100"},"modified":"2026-02-12T13:22:36","modified_gmt":"2026-02-12T11:22:36","slug":"jasen-ja-toimintamaksut","status":"publish","type":"page","link":"https:\/\/tawastalpine.net\/?page_id=100","title":{"rendered":"J\u00e4sen- ja toimintamaksut"},"content":{"rendered":"<p><strong>KAUDEN 2025 &#8211; 2026 SEURATOIMINTAMAKSUT:<\/strong><\/p>\n<p><strong>Seuratoimintamaksu<\/strong> <strong>300<\/strong><strong> \u20ac <\/strong><\/p>\n<ul>\n<li>Kaikki RACE-ratalasku\/kilparyhm\u00e4l\u00e4iset, jotka <u>syntyneet 2014 tai aiemmin<\/u><\/li>\n<\/ul>\n<p><strong>Seuratoimintamaksu<\/strong> <strong>200<\/strong><strong>\u00a0\u20ac<\/strong><\/p>\n<ul>\n<li>Kaikki muut seuran harjoituksiin osallistuvat juniorit<\/li>\n<\/ul>\n<p>Seuratoimintamaksu kahdessa er\u00e4ss\u00e4 (1\/2 ja 1\/2):<\/p>\n<ul>\n<li><strong>1. er\u00e4n<\/strong><strong>\u00a0er\u00e4p\u00e4iv\u00e4<\/strong> on <strong>15.10.2025<\/strong><\/li>\n<li><strong>2. er\u00e4n <\/strong><strong>er\u00e4p\u00e4iv\u00e4<\/strong> on <strong>15.12.2025<\/strong><\/li>\n<\/ul>\n<p>Maksu suoritetaan Suomisportin kautta:<\/p>\n<p><a href=\"https:\/\/seurat.suomisport.fi\/invite\/ab84bcb0-7444-4b7e-89d6-25fa42cae515\">https:\/\/seurat.suomisport.fi\/invite\/ab84bcb0-7444-4b7e-89d6-25fa42cae515<\/a><\/p>\n<p>&nbsp;<\/p>\n<p><strong>KAUDEN 2025 &#8211; 2026 SEURAN J\u00c4SENMAKSUT:<\/strong><\/p>\n<ul>\n<li>J\u00e4senmaksu\u00a0<strong>25<\/strong>\u00a0<strong>\u20ac<\/strong><\/li>\n<li>Samasta perheest\u00e4 muut j\u00e4seneksi liittyv\u00e4t <strong>20<\/strong> <strong>\u20ac<\/strong><\/li>\n<li>Kannatusj\u00e4sen, yksityishenkil\u00f6\u00a0<strong>25<\/strong>\u00a0<strong>\u20ac<\/strong><\/li>\n<li>Kannatusj\u00e4sen, yritys tai muu yhteis\u00f6 <strong>200<\/strong>\u00a0<strong>\u20ac<\/strong><\/li>\n<\/ul>\n<p>J\u00e4senmaksun <strong>er\u00e4p\u00e4iv\u00e4<\/strong> on <strong>31.12.2025<\/strong>.<\/p>\n<p>Maksu suoritetaan Suomisportin kautta:<\/p>\n<p><a href=\"https:\/\/seurat.suomisport.fi\/invite\/d6e0a4ee-7e9d-4d54-8e3f-d300eb809a3b\">https:\/\/seurat.suomisport.fi\/invite\/d6e0a4ee-7e9d-4d54-8e3f-d300eb809a3b<\/a><\/p>\n<p>&nbsp;<\/p>\n<p>Molemmat maksut kohdistuvat <strong>toimintakauteen 1.10.2025 \u2013 30.9.2026<\/strong>.<\/p>\n","protected":false},"excerpt":{"rendered":"<p>KAUDEN 2025 &#8211; 2026 SEURATOIMINTAMAKSUT: Seuratoimintamaksu 300 \u20ac Kaikki RACE-ratalasku\/kilparyhm\u00e4l\u00e4iset,  [&#8230;]<\/p>\n","protected":false},"author":2,"featured_media":0,"parent":351,"menu_order":9,"comment_status":"closed","ping_status":"closed","template":"","meta":{"footnotes":""},"class_list":["post-100","page","type-page","status-publish","hentry"],"_links":{"self":[{"href":"https:\/\/tawastalpine.net\/index.php?rest_route=\/wp\/v2\/pages\/100","targetHints":{"allow":["GET"]}}],"collection":[{"href":"https:\/\/tawastalpine.net\/index.php?rest_route=\/wp\/v2\/pages"}],"about":[{"href":"https:\/\/tawastalpine.net\/index.php?rest_route=\/wp\/v2\/types\/page"}],"author":[{"embeddable":true,"href":"https:\/\/tawastalpine.net\/index.php?rest_route=\/wp\/v2\/users\/2"}],"replies":[{"embeddable":true,"href":"https:\/\/tawastalpine.net\/index.php?rest_route=%2Fwp%2Fv2%2Fcomments&post=100"}],"version-history":[{"count":27,"href":"https:\/\/tawastalpine.net\/index.php?rest_route=\/wp\/v2\/pages\/100\/revisions"}],"predecessor-version":[{"id":1214,"href":"https:\/\/tawastalpine.net\/index.php?rest_route=\/wp\/v2\/pages\/100\/revisions\/1214"}],"up":[{"embeddable":true,"href":"https:\/\/tawastalpine.net\/index.php?rest_route=\/wp\/v2\/pages\/351"}],"wp:attachment":[{"href":"https:\/\/tawastalpine.net\/index.php?rest_route=%2Fwp%2Fv2%2Fmedia&parent=100"}],"curies":[{"name":"wp","href":"https:\/\/api.w.org\/{rel}","templated":true}]}}